{"id":186,"date":"2014-03-04T19:15:55","date_gmt":"2014-03-04T19:15:55","guid":{"rendered":"http:\/\/athenapizzeria.wpenginepowered.com\/?page_id=186"},"modified":"2014-03-04T19:15:55","modified_gmt":"2014-03-04T19:15:55","slug":"propos","status":"publish","type":"page","link":"https:\/\/athenapizza.ca\/fr\/propos\/","title":{"rendered":"\u00c0 Propos"},"content":{"rendered":"<p>Athena Pizzeria a ouvert ses portes en d\u00e9cembre 2013, \u00e0 Pierrefonds-Roxboro. Brent, notre chef et propri\u00e9taire met ses 10 ann\u00e9es d\u2019exp\u00e9rience \u00e0 bon usage afin de vous offrir un menu frais et fait maison.<\/p>\n<p>Il a \u00e9tudi\u00e9 les arts culinaire et a obtenu sa certification avant de travailler au restaurant familial \u00e0 L\u2019Annonciation, au Qu\u00e9bec, pendant pr\u00e8s d\u2019une d\u00e9cennie. Il apporte maintenant son expertise dans l\u2019Ouest-de-l\u2019\u00eele de Montr\u00e9al afin de demeurer plus pr\u00e8s de sa femme, de sa famille et de ses amis.<\/p>\n<h4>Venez rencontrer notre famille dans la chaleur d\u2019une pizzeria traditionnelle et profitez de nos d\u00e9licieuses assiettes de pizzas, p\u00e2tes, salades et souvlaki.<\/h4>\n","protected":false},"excerpt":{"rendered":"<p>Athena Pizzeria a ouvert ses portes en d\u00e9cembre 2013, \u00e0 Pierrefonds-Roxboro. Brent, notre chef et propri\u00e9taire met ses 10 ann\u00e9es d\u2019exp\u00e9rience \u00e0 bon usage afin de vous offrir un menu &#8230;<\/p>\n","protected":false},"author":1,"featured_media":0,"parent":0,"menu_order":2,"comment_status":"open","ping_status":"open","template":"","meta":{"footnotes":""},"class_list":["post-186","page","type-page","status-publish","hentry"],"_links":{"self":[{"href":"https:\/\/athenapizza.ca\/fr\/wp-json\/wp\/v2\/pages\/186","targetHints":{"allow":["GET"]}}],"collection":[{"href":"https:\/\/athenapizza.ca\/fr\/wp-json\/wp\/v2\/pages"}],"about":[{"href":"https:\/\/athenapizza.ca\/fr\/wp-json\/wp\/v2\/types\/page"}],"author":[{"embeddable":true,"href":"https:\/\/athenapizza.ca\/fr\/wp-json\/wp\/v2\/users\/1"}],"replies":[{"embeddable":true,"href":"https:\/\/athenapizza.ca\/fr\/wp-json\/wp\/v2\/comments?post=186"}],"version-history":[{"count":0,"href":"https:\/\/athenapizza.ca\/fr\/wp-json\/wp\/v2\/pages\/186\/revisions"}],"wp:attachment":[{"href":"https:\/\/athenapizza.ca\/fr\/wp-json\/wp\/v2\/media?parent=186"}],"curies":[{"name":"wp","href":"https:\/\/api.w.org\/{rel}","templated":true}]}}