{"id":190,"date":"2014-03-03T21:59:21","date_gmt":"2014-03-03T21:59:21","guid":{"rendered":"http:\/\/athenapizzeria.wpenginepowered.com\/?page_id=190"},"modified":"2024-04-05T20:46:10","modified_gmt":"2024-04-05T20:46:10","slug":"menu","status":"publish","type":"page","link":"https:\/\/athenapizza.ca\/fr\/menu\/","title":{"rendered":"Menu"},"content":{"rendered":"<h3><b>Fait maison, sur le pouce<\/b><\/h3>\n<p>Que vous souhaitiez passer une soir\u00e9e tranquille \u00e0 la maison avec des repas pour emporter ou faire une sortie en famille au restaurant, gardez toujours Athena Pizzeria en t\u00eate. De notre famille \u00e0 la v\u00f4tre, nous vous offrons les ingr\u00e9dients les plus frais, sans agents conservateurs, et cuisin\u00e9s selon nos recettes traditionnelles familiales.<\/p>\n<p>&nbsp;<\/p>\n<p><a href=\"https:\/\/athenapizza.ca\/wp-content\/uploads\/Athena-Menu-Feb2024.pdf\"><img loading=\"lazy\" decoding=\"async\" class=\"alignnone wp-image-657 size-full\" src=\"http:\/\/athenapizza.ca\/wp-content\/uploads\/wsi-imageoptim-Athena-Menu-Feb2024-Page-1.jpg\" alt=\"\" width=\"1024\" height=\"622\" srcset=\"https:\/\/athenapizza.ca\/wp-content\/uploads\/wsi-imageoptim-Athena-Menu-Feb2024-Page-1.jpg 1024w, https:\/\/athenapizza.ca\/wp-content\/uploads\/wsi-imageoptim-Athena-Menu-Feb2024-Page-1-750x456.jpg 750w, https:\/\/athenapizza.ca\/wp-content\/uploads\/wsi-imageoptim-Athena-Menu-Feb2024-Page-1-120x73.jpg 120w, https:\/\/athenapizza.ca\/wp-content\/uploads\/wsi-imageoptim-Athena-Menu-Feb2024-Page-1-768x467.jpg 768w, https:\/\/athenapizza.ca\/wp-content\/uploads\/wsi-imageoptim-Athena-Menu-Feb2024-Page-1-480x292.jpg 480w\" sizes=\"auto, (max-width: 1024px) 100vw, 1024px\" \/><\/a><a href=\"https:\/\/athenapizza.ca\/wp-content\/uploads\/Athena-Menu-Feb2024.pdf\"><img loading=\"lazy\" decoding=\"async\" class=\"alignnone wp-image-659 size-full\" src=\"http:\/\/athenapizza.ca\/wp-content\/uploads\/wsi-imageoptim-Athena-Menu-Feb2024-Page-2.jpg\" alt=\"\" width=\"1024\" height=\"622\" srcset=\"https:\/\/athenapizza.ca\/wp-content\/uploads\/wsi-imageoptim-Athena-Menu-Feb2024-Page-2.jpg 1024w, https:\/\/athenapizza.ca\/wp-content\/uploads\/wsi-imageoptim-Athena-Menu-Feb2024-Page-2-750x456.jpg 750w, https:\/\/athenapizza.ca\/wp-content\/uploads\/wsi-imageoptim-Athena-Menu-Feb2024-Page-2-120x73.jpg 120w, https:\/\/athenapizza.ca\/wp-content\/uploads\/wsi-imageoptim-Athena-Menu-Feb2024-Page-2-768x467.jpg 768w, https:\/\/athenapizza.ca\/wp-content\/uploads\/wsi-imageoptim-Athena-Menu-Feb2024-Page-2-480x292.jpg 480w\" sizes=\"auto, (max-width: 1024px) 100vw, 1024px\" \/><\/a><\/p>\n<div><\/div>\n<h2><a href=\"https:\/\/athenapizza.ca\/wp-content\/uploads\/Athena-Menu-Feb2024.pdf\" target=\"_blank\" rel=\"noopener noreferrer\"><span style=\"text-decoration: underline; color: #ecc461;\">Consultez notre menu\u00a0&gt;<\/span><\/a><\/h2>\n<h2><a href=\"http:\/\/athenapizza.ca\/wp-content\/uploads\/wsi-imageoptim-Catering-Menu-French.jpg\" target=\"_blank\" rel=\"noopener noreferrer\"><span style=\"text-decoration: underline; color: #ecc461;\">Consultez notre menu\u00a0traiteur&gt;<\/span><\/a><\/h2>\n<p><!--\n\n\n<h2><a href=\"http:\/\/athenapizza.ca\/wp-content\/uploads\/2014\/02\/athena-breakfast-menu-web.pdf\" target=\"_blank\" rel=\"noopener\"><span style=\"text-decoration: underline; color: #ecc461;\">Consultez notre menu du petit d\u00e9jeuner &gt;<\/span><\/a><\/h2>\n\n\n--><\/p>\n","protected":false},"excerpt":{"rendered":"<p>Fait maison, sur le pouce<\/p>\n<p>Que vous souhaitiez passer une soir\u00e9e tranquille \u00e0 la maison avec des repas pour emporter ou faire une sortie en famille au restaurant, gardez toujours Athena &#8230;<\/p>\n","protected":false},"author":1,"featured_media":0,"parent":0,"menu_order":3,"comment_status":"open","ping_status":"open","template":"","meta":{"footnotes":""},"class_list":["post-190","page","type-page","status-publish","hentry"],"_links":{"self":[{"href":"https:\/\/athenapizza.ca\/fr\/wp-json\/wp\/v2\/pages\/190","targetHints":{"allow":["GET"]}}],"collection":[{"href":"https:\/\/athenapizza.ca\/fr\/wp-json\/wp\/v2\/pages"}],"about":[{"href":"https:\/\/athenapizza.ca\/fr\/wp-json\/wp\/v2\/types\/page"}],"author":[{"embeddable":true,"href":"https:\/\/athenapizza.ca\/fr\/wp-json\/wp\/v2\/users\/1"}],"replies":[{"embeddable":true,"href":"https:\/\/athenapizza.ca\/fr\/wp-json\/wp\/v2\/comments?post=190"}],"version-history":[{"count":0,"href":"https:\/\/athenapizza.ca\/fr\/wp-json\/wp\/v2\/pages\/190\/revisions"}],"wp:attachment":[{"href":"https:\/\/athenapizza.ca\/fr\/wp-json\/wp\/v2\/media?parent=190"}],"curies":[{"name":"wp","href":"https:\/\/api.w.org\/{rel}","templated":true}]}}