{"id":192,"date":"2014-03-04T19:20:48","date_gmt":"2014-03-04T19:20:48","guid":{"rendered":"http:\/\/athenapizzeria.wpenginepowered.com\/?page_id=192"},"modified":"2015-10-17T15:57:53","modified_gmt":"2015-10-17T15:57:53","slug":"groupes","status":"publish","type":"page","link":"https:\/\/athenapizza.ca\/fr\/groupes\/","title":{"rendered":"Groupes"},"content":{"rendered":"<h2>Vous cherchez \u00e0 organiser votre prochaine occasion sp\u00e9ciale?<\/h2>\n<p>Venez c\u00e9l\u00e9brer avec nous chez Athena Pizzeria ou laissez-nous mener la f\u00eate \u00e0 vous. Des anniversaires aux d\u00eeners d\u2019affaires, nous sommes l\u00e0 pour vous. Remplissez notre formulaire avec vos informations et vos questions et nous vous contacterons afin de discuter des d\u00e9tails.<\/p>\n","protected":false},"excerpt":{"rendered":"<p>Vous cherchez \u00e0 organiser votre prochaine occasion sp\u00e9ciale?<\/p>\n<p>Venez c\u00e9l\u00e9brer avec nous chez Athena Pizzeria ou laissez-nous mener la f\u00eate \u00e0 vous. Des anniversaires aux d\u00eeners d\u2019affaires, nous sommes l\u00e0 pour &#8230;<\/p>\n","protected":false},"author":1,"featured_media":0,"parent":0,"menu_order":4,"comment_status":"open","ping_status":"open","template":"template-contact.php","meta":{"footnotes":""},"class_list":["post-192","page","type-page","status-publish","hentry"],"_links":{"self":[{"href":"https:\/\/athenapizza.ca\/fr\/wp-json\/wp\/v2\/pages\/192","targetHints":{"allow":["GET"]}}],"collection":[{"href":"https:\/\/athenapizza.ca\/fr\/wp-json\/wp\/v2\/pages"}],"about":[{"href":"https:\/\/athenapizza.ca\/fr\/wp-json\/wp\/v2\/types\/page"}],"author":[{"embeddable":true,"href":"https:\/\/athenapizza.ca\/fr\/wp-json\/wp\/v2\/users\/1"}],"replies":[{"embeddable":true,"href":"https:\/\/athenapizza.ca\/fr\/wp-json\/wp\/v2\/comments?post=192"}],"version-history":[{"count":0,"href":"https:\/\/athenapizza.ca\/fr\/wp-json\/wp\/v2\/pages\/192\/revisions"}],"wp:attachment":[{"href":"https:\/\/athenapizza.ca\/fr\/wp-json\/wp\/v2\/media?parent=192"}],"curies":[{"name":"wp","href":"https:\/\/api.w.org\/{rel}","templated":true}]}}